{"id":785,"date":"2023-07-20T12:58:38","date_gmt":"2023-07-20T12:58:38","guid":{"rendered":"https:\/\/www.manayoga.ca\/wordpress\/?page_id=785"},"modified":"2024-09-03T21:08:37","modified_gmt":"2024-09-03T21:08:37","slug":"creations","status":"publish","type":"page","link":"https:\/\/www.manayoga.ca\/wordpress\/index.php\/creations\/","title":{"rendered":"Cr\u00e9ations"},"content":{"rendered":"\n<h3 class=\"wp-block-heading\">Bonjour \u00e0 toi ch\u00e8re femme sauvage!<\/h3>\n\n\n\n<figure class=\"wp-block-image size-full\"><img loading=\"lazy\" decoding=\"async\" width=\"1\" height=\"1\" src=\"https:\/\/www.manayoga.ca\/wordpress\/wp-content\/uploads\/2021\/11\/spacer1.gif\" alt=\"espaceur\" class=\"wp-image-422\"\/><\/figure>\n\n\n\n<p>Par la cr\u00e9ation de bijoux conscients et \u00e9co-responsables, je te propose de mettre au premier plan ta Nature sauvage et ta f\u00e9minit\u00e9 sacr\u00e9e. Toutes ces cr\u00e9ations sont r\u00e9alis\u00e9es de fa\u00e7on consciente, connect\u00e9es \u00e0 mon \u00e9nergie et fabriqu\u00e9es en utilisant entre-autres, des perles recycl\u00e9es.<\/p>\n\n\n\n<figure class=\"wp-block-image size-full\"><img loading=\"lazy\" decoding=\"async\" width=\"1\" height=\"1\" src=\"https:\/\/www.manayoga.ca\/wordpress\/wp-content\/uploads\/2021\/11\/spacer1.gif\" alt=\"espaceur\" class=\"wp-image-422\"\/><\/figure>\n\n\n\n<p>Actuellement, 4 collections sont disponibles! J&rsquo;offre aussi le service personnalis\u00e9 de cr\u00e9ation, si tu veux avoir un bijou qui te repr\u00e9sente pleinement et est en harmonie avec ton \u00catre.<\/p>\n\n\n\n<figure class=\"wp-block-image size-full\"><img loading=\"lazy\" decoding=\"async\" width=\"1\" height=\"1\" src=\"https:\/\/www.manayoga.ca\/wordpress\/wp-content\/uploads\/2021\/11\/spacer1.gif\" alt=\"espaceur\" class=\"wp-image-422\"\/><\/figure>\n\n\n\n<p>Connect\u00e9e avec la Terre et les \u00e9l\u00e9ments, cette \u00e9nergie qui t&rsquo;habite t&rsquo;am\u00e8ne \u00e0 c\u00e9l\u00e9brer la femme forte, sensible, aimante et cr\u00e9atrice que tu es! Porte-les fi\u00e8rement!<\/p>\n\n\n\n<figure class=\"wp-block-image size-full\"><img loading=\"lazy\" decoding=\"async\" width=\"1\" height=\"1\" src=\"https:\/\/www.manayoga.ca\/wordpress\/wp-content\/uploads\/2021\/11\/spacer1.gif\" alt=\"espaceur\" class=\"wp-image-422\"\/><\/figure>\n\n\n\n<h4 class=\"wp-block-heading\"><em>Collection Chakras<\/em><\/h4>\n\n\n\n<figure class=\"wp-block-image size-full\"><img loading=\"lazy\" decoding=\"async\" width=\"1\" height=\"1\" src=\"https:\/\/www.manayoga.ca\/wordpress\/wp-content\/uploads\/2021\/11\/spacer1.gif\" alt=\"espaceur\" class=\"wp-image-422\"\/><\/figure>\n\n\n\n<p>Cette collection toute particuli\u00e8re, cr\u00e9\u00e9e en conscience, se veut un amalgame de plumes, de breloques et de perles color\u00e9es agenc\u00e9es pour repr\u00e9senter les chakras et leurs particularit\u00e9s. Toutes ces cr\u00e9ations sont cr\u00e9\u00e9es en conscience, uniques et mettent au premier plan la Nature sauvage de chaque femme en activant son \u00e9nergie par ses chakras.<\/p>\n\n\n\n<figure class=\"wp-block-image size-full\"><img loading=\"lazy\" decoding=\"async\" width=\"1\" height=\"1\" src=\"https:\/\/www.manayoga.ca\/wordpress\/wp-content\/uploads\/2021\/11\/spacer1.gif\" alt=\"espaceur\" class=\"wp-image-422\"\/><\/figure>\n\n\n\n<h4 class=\"wp-block-heading\"><em>Collection D\u00e9esse sacr\u00e9e<\/em><\/h4>\n\n\n\n<figure class=\"wp-block-image size-full\"><img loading=\"lazy\" decoding=\"async\" width=\"1\" height=\"1\" src=\"https:\/\/www.manayoga.ca\/wordpress\/wp-content\/uploads\/2021\/11\/spacer1.gif\" alt=\"espaceur\" class=\"wp-image-422\"\/><\/figure>\n\n\n\n<p>Cette collection explore le f\u00e9minin sacr\u00e9e tout en beaut\u00e9, en d\u00e9licatesse et en brillance de chacune qui portera ces bijoux. Cr\u00e9\u00e9e \u00e9galement en conscience, cette collection rappelle \u00e0 chaque femme qu&rsquo;elle est unique en l&#8217;emmenant \u00e0 faire rayonner sa Lumi\u00e8re sacr\u00e9e.<\/p>\n\n\n\n<figure class=\"wp-block-image size-full\"><img loading=\"lazy\" decoding=\"async\" width=\"1\" height=\"1\" src=\"https:\/\/www.manayoga.ca\/wordpress\/wp-content\/uploads\/2021\/11\/spacer1.gif\" alt=\"espaceur\" class=\"wp-image-422\"\/><\/figure>\n\n\n\n<h4 class=\"wp-block-heading\"><em>Collection D\u00e9esse sauvage<\/em><\/h4>\n\n\n\n<figure class=\"wp-block-image size-full\"><img loading=\"lazy\" decoding=\"async\" width=\"1\" height=\"1\" src=\"https:\/\/www.manayoga.ca\/wordpress\/wp-content\/uploads\/2021\/11\/spacer1.gif\" alt=\"espaceur\" class=\"wp-image-422\"\/><\/figure>\n\n\n\n<p>Cette collection cr\u00e9\u00e9e en conscience, te propose une profonde connexion avec ta \u00ab\u00a0Nature sauvage\u00a0\u00bb. Version chamanique de la d\u00e9esse sacr\u00e9e, celle-ci t&rsquo;invite \u00e0 connecter avec la Nature et \u00e0 reconna\u00eetre que tu en fais \u00e9galement partie. Avec ses plumes et son \u00e9nergie de la Terre, vous vous sentirez D\u00e9esse comme Ga\u00efa!<\/p>\n\n\n\n<figure class=\"wp-block-image size-full\"><img loading=\"lazy\" decoding=\"async\" width=\"1\" height=\"1\" src=\"https:\/\/www.manayoga.ca\/wordpress\/wp-content\/uploads\/2021\/11\/spacer1.gif\" alt=\"espaceur\" class=\"wp-image-422\"\/><\/figure>\n\n\n\n<h4 class=\"wp-block-heading\"><em>Collection D\u00e9esse funkie<\/em><\/h4>\n\n\n\n<figure class=\"wp-block-image size-full\"><img loading=\"lazy\" decoding=\"async\" width=\"1\" height=\"1\" src=\"https:\/\/www.manayoga.ca\/wordpress\/wp-content\/uploads\/2021\/11\/spacer1.gif\" alt=\"espaceur\" class=\"wp-image-422\"\/><\/figure>\n\n\n\n<p>Wow! Un petit c\u00f4t\u00e9 urbain pour toutes les femmes qui d\u00e9sirent se sentir sp\u00e9ciale! Couleurs vibrantes et brillance sont au rendez-vous. Cr\u00e9\u00e9e \u00e9galement en conscience, cette collecion avec breloque en r\u00e9sine faites \u00e0 la main sont uniques telles que vous!<\/p>\n\n\n\n<figure class=\"wp-block-image size-full\"><img loading=\"lazy\" decoding=\"async\" width=\"1\" height=\"1\" src=\"https:\/\/www.manayoga.ca\/wordpress\/wp-content\/uploads\/2021\/11\/spacer1.gif\" alt=\"espaceur\" class=\"wp-image-422\"\/><\/figure>\n\n\n\n<h5 class=\"wp-block-heading\"><strong>Comment se les procurer et \u00e0 quel tarif?<\/strong><\/h5>\n\n\n\n<figure class=\"wp-block-image size-full\"><img loading=\"lazy\" decoding=\"async\" width=\"1\" height=\"1\" src=\"https:\/\/www.manayoga.ca\/wordpress\/wp-content\/uploads\/2021\/11\/spacer1.gif\" alt=\"espaceur\" class=\"wp-image-422\"\/><\/figure>\n\n\n\n<p>Comme je n&rsquo;ai pas encore de boutique, tu peux venir les voir en personne en me contactant en priv\u00e9. L&rsquo;inventaire varie r\u00e9guli\u00e8rement puisque qu&rsquo;elles sont toutes uniques.<\/p>\n\n\n\n<p>Elles sont actuellement au tarif de 28$. Celles cr\u00e9\u00e9es sur mesure \u00e0 32$.<\/p>\n\n\n\n<figure class=\"wp-block-image size-full\"><img loading=\"lazy\" decoding=\"async\" width=\"1\" height=\"1\" src=\"https:\/\/www.manayoga.ca\/wordpress\/wp-content\/uploads\/2021\/11\/spacer1.gif\" alt=\"espaceur\" class=\"wp-image-422\"\/><\/figure>\n\n\n\n<figure class=\"wp-block-image size-full is-resized\"><img loading=\"lazy\" decoding=\"async\" width=\"458\" height=\"206\" src=\"https:\/\/www.manayoga.ca\/wordpress\/wp-content\/uploads\/2023\/10\/394792012_7425213007507562_6394906515869302734_n.jpg\" alt=\"\" class=\"wp-image-916\" style=\"aspect-ratio:2.2233009708737863;width:665px;height:auto\" srcset=\"https:\/\/www.manayoga.ca\/wordpress\/wp-content\/uploads\/2023\/10\/394792012_7425213007507562_6394906515869302734_n.jpg 458w, https:\/\/www.manayoga.ca\/wordpress\/wp-content\/uploads\/2023\/10\/394792012_7425213007507562_6394906515869302734_n-300x135.jpg 300w\" sizes=\"auto, (max-width: 458px) 100vw, 458px\" \/><\/figure>\n\n\n<div class=\"wp-block-image\">\n<figure class=\"alignleft size-medium\"><img loading=\"lazy\" decoding=\"async\" width=\"198\" height=\"300\" src=\"https:\/\/www.manayoga.ca\/wordpress\/wp-content\/uploads\/2023\/07\/20230719_112106-198x300.jpg\" alt=\"\" class=\"wp-image-802\" srcset=\"https:\/\/www.manayoga.ca\/wordpress\/wp-content\/uploads\/2023\/07\/20230719_112106-198x300.jpg 198w, https:\/\/www.manayoga.ca\/wordpress\/wp-content\/uploads\/2023\/07\/20230719_112106-677x1024.jpg 677w, https:\/\/www.manayoga.ca\/wordpress\/wp-content\/uploads\/2023\/07\/20230719_112106-768x1162.jpg 768w, https:\/\/www.manayoga.ca\/wordpress\/wp-content\/uploads\/2023\/07\/20230719_112106-1015x1536.jpg 1015w, https:\/\/www.manayoga.ca\/wordpress\/wp-content\/uploads\/2023\/07\/20230719_112106-1353x2048.jpg 1353w, https:\/\/www.manayoga.ca\/wordpress\/wp-content\/uploads\/2023\/07\/20230719_112106-scaled.jpg 1692w\" sizes=\"auto, (max-width: 198px) 100vw, 198px\" \/><\/figure>\n<\/div>\n\n\n<div class=\"wp-block-group\"><div class=\"wp-block-group__inner-container is-layout-constrained wp-block-group-is-layout-constrained\">\n<div class=\"wp-block-columns is-layout-flex wp-container-core-columns-is-layout-9d6595d7 wp-block-columns-is-layout-flex\">\n<div class=\"wp-block-column is-layout-flow wp-block-column-is-layout-flow\" style=\"flex-basis:100%\">\n<figure class=\"wp-block-gallery has-nested-images columns-default is-cropped wp-block-gallery-1 is-layout-flex wp-block-gallery-is-layout-flex\">\n<figure class=\"wp-block-image size-large\"><img loading=\"lazy\" decoding=\"async\" width=\"1024\" height=\"683\" data-id=\"921\" src=\"https:\/\/www.manayoga.ca\/wordpress\/wp-content\/uploads\/2023\/10\/woman-g114c2b465_1920-1024x683.jpg\" alt=\"\" class=\"wp-image-921\" srcset=\"https:\/\/www.manayoga.ca\/wordpress\/wp-content\/uploads\/2023\/10\/woman-g114c2b465_1920-1024x683.jpg 1024w, https:\/\/www.manayoga.ca\/wordpress\/wp-content\/uploads\/2023\/10\/woman-g114c2b465_1920-300x200.jpg 300w, https:\/\/www.manayoga.ca\/wordpress\/wp-content\/uploads\/2023\/10\/woman-g114c2b465_1920-768x512.jpg 768w, https:\/\/www.manayoga.ca\/wordpress\/wp-content\/uploads\/2023\/10\/woman-g114c2b465_1920-1536x1024.jpg 1536w, https:\/\/www.manayoga.ca\/wordpress\/wp-content\/uploads\/2023\/10\/woman-g114c2b465_1920.jpg 1920w\" sizes=\"auto, (max-width: 1024px) 100vw, 1024px\" \/><\/figure>\n<\/figure>\n<\/div>\n<\/div>\n<\/div><\/div>\n","protected":false},"excerpt":{"rendered":"<p>Bonjour \u00e0 toi ch\u00e8re femme sauvage! Par la cr\u00e9ation de bijoux conscients et \u00e9co-responsables, je te propose de mettre au premier plan ta Nature sauvage et ta f\u00e9minit\u00e9 sacr\u00e9e. Toutes ces cr\u00e9ations sont r\u00e9alis\u00e9es de fa\u00e7on consciente, connect\u00e9es \u00e0 mon \u00e9nergie et fabriqu\u00e9es en utilisant entre-autres, des perles recycl\u00e9es. Actuellement, 4 collections sont disponibles! J&rsquo;offre [&hellip;]<\/p>\n","protected":false},"author":1,"featured_media":0,"parent":0,"menu_order":0,"comment_status":"closed","ping_status":"closed","template":"","meta":{"footnotes":""},"class_list":["post-785","page","type-page","status-publish","hentry"],"_links":{"self":[{"href":"https:\/\/www.manayoga.ca\/wordpress\/index.php\/wp-json\/wp\/v2\/pages\/785","targetHints":{"allow":["GET"]}}],"collection":[{"href":"https:\/\/www.manayoga.ca\/wordpress\/index.php\/wp-json\/wp\/v2\/pages"}],"about":[{"href":"https:\/\/www.manayoga.ca\/wordpress\/index.php\/wp-json\/wp\/v2\/types\/page"}],"author":[{"embeddable":true,"href":"https:\/\/www.manayoga.ca\/wordpress\/index.php\/wp-json\/wp\/v2\/users\/1"}],"replies":[{"embeddable":true,"href":"https:\/\/www.manayoga.ca\/wordpress\/index.php\/wp-json\/wp\/v2\/comments?post=785"}],"version-history":[{"count":26,"href":"https:\/\/www.manayoga.ca\/wordpress\/index.php\/wp-json\/wp\/v2\/pages\/785\/revisions"}],"predecessor-version":[{"id":1058,"href":"https:\/\/www.manayoga.ca\/wordpress\/index.php\/wp-json\/wp\/v2\/pages\/785\/revisions\/1058"}],"wp:attachment":[{"href":"https:\/\/www.manayoga.ca\/wordpress\/index.php\/wp-json\/wp\/v2\/media?parent=785"}],"curies":[{"name":"wp","href":"https:\/\/api.w.org\/{rel}","templated":true}]}}