{"id":548,"date":"2022-01-31T16:33:37","date_gmt":"2022-01-31T16:33:37","guid":{"rendered":"https:\/\/www.manayoga.ca\/wordpress\/?page_id=548"},"modified":"2025-09-22T13:15:02","modified_gmt":"2025-09-22T18:15:02","slug":"a-la-une","status":"publish","type":"page","link":"https:\/\/www.manayoga.ca\/wordpress\/index.php\/a-la-une\/","title":{"rendered":"\u00c0 la une"},"content":{"rendered":"\n<h2 class=\"wp-block-heading\">Journ\u00e9e des th\u00e9rapeutes <\/h2>\n\n\n\n<figure class=\"wp-block-image size-full\"><img loading=\"lazy\" decoding=\"async\" width=\"1\" height=\"1\" src=\"https:\/\/www.manayoga.ca\/wordpress\/wp-content\/uploads\/2021\/11\/spacer1.gif\" alt=\"espaceur\" class=\"wp-image-422\"\/><\/figure>\n\n\n\n<p>Bonjour \u00e0 tous.tes!<\/p>\n\n\n\n<figure class=\"wp-block-image size-full\"><img loading=\"lazy\" decoding=\"async\" width=\"1\" height=\"1\" src=\"https:\/\/www.manayoga.ca\/wordpress\/wp-content\/uploads\/2021\/11\/spacer1.gif\" alt=\"espaceur\" class=\"wp-image-422\"\/><\/figure>\n\n\n\n<p>Vous \u00eates invit\u00e9s \u00e0 venir nous rencontrer \u00e0 la 1ere \u00e9dition de la \u00ab\u00a0Journ\u00e9e des th\u00e9rapeutes\u00a0\u00bb&nbsp;qui se tiendra \u00e0 la Saguen\u00e9enne le samedi 4 octobre prochain !<\/p>\n\n\n\n<figure class=\"wp-block-image size-full\"><img loading=\"lazy\" decoding=\"async\" width=\"1\" height=\"1\" src=\"https:\/\/www.manayoga.ca\/wordpress\/wp-content\/uploads\/2021\/11\/spacer1.gif\" alt=\"espaceur\" class=\"wp-image-422\"\/><\/figure>\n\n\n\n<p>Durant cette journ\u00e9e, nous y serons en compagnie d&rsquo;autres merveilleux humains pour vous parler des soins \u00e9nerg\u00e9tiques Reiki que M\u00e9lissa offre et des soins m\u00e9ditatifs via la r\u00e9alit\u00e9 virtuelle offerts par Patrick et M\u00e9lissa. Ce sera&nbsp;l&rsquo;occasion de venir essayer ces soins sur place!<\/p>\n\n\n\n<figure class=\"wp-block-image size-full\"><img loading=\"lazy\" decoding=\"async\" width=\"1\" height=\"1\" src=\"https:\/\/www.manayoga.ca\/wordpress\/wp-content\/uploads\/2021\/11\/spacer1.gif\" alt=\"espaceur\" class=\"wp-image-422\"\/><\/figure>\n\n\n\n<p>Une merveilleuse journ\u00e9e alliant spiritualit\u00e9 et mieux-\u00eatre global \u2661.<\/p>\n\n\n\n<figure class=\"wp-block-image size-full\"><img loading=\"lazy\" decoding=\"async\" width=\"1\" height=\"1\" src=\"https:\/\/www.manayoga.ca\/wordpress\/wp-content\/uploads\/2021\/11\/spacer1.gif\" alt=\"espaceur\" class=\"wp-image-422\"\/><\/figure>\n\n\n\n<figure class=\"wp-block-image size-large\"><img loading=\"lazy\" decoding=\"async\" width=\"688\" height=\"1024\" src=\"https:\/\/www.manayoga.ca\/wordpress\/wp-content\/uploads\/2025\/09\/FB_IMG_1758564244280-688x1024.jpg\" alt=\"\" class=\"wp-image-1175\" srcset=\"https:\/\/www.manayoga.ca\/wordpress\/wp-content\/uploads\/2025\/09\/FB_IMG_1758564244280-688x1024.jpg 688w, https:\/\/www.manayoga.ca\/wordpress\/wp-content\/uploads\/2025\/09\/FB_IMG_1758564244280-201x300.jpg 201w, https:\/\/www.manayoga.ca\/wordpress\/wp-content\/uploads\/2025\/09\/FB_IMG_1758564244280-768x1144.jpg 768w, https:\/\/www.manayoga.ca\/wordpress\/wp-content\/uploads\/2025\/09\/FB_IMG_1758564244280-1031x1536.jpg 1031w, https:\/\/www.manayoga.ca\/wordpress\/wp-content\/uploads\/2025\/09\/FB_IMG_1758564244280.jpg 1375w\" sizes=\"auto, (max-width: 688px) 100vw, 688px\" \/><\/figure>\n\n\n\n<figure class=\"wp-block-image size-full\"><img loading=\"lazy\" decoding=\"async\" width=\"1\" height=\"1\" src=\"https:\/\/www.manayoga.ca\/wordpress\/wp-content\/uploads\/2021\/11\/spacer1.gif\" alt=\"espaceur\" class=\"wp-image-422\"\/><\/figure>\n\n\n\n<h2 class=\"wp-block-heading\">Salon au Coeur du Mieux-\u00eatre 2025<\/h2>\n\n\n\n<figure class=\"wp-block-image size-full\"><img loading=\"lazy\" decoding=\"async\" width=\"1\" height=\"1\" src=\"https:\/\/www.manayoga.ca\/wordpress\/wp-content\/uploads\/2021\/11\/spacer1.gif\" alt=\"espaceur\" class=\"wp-image-422\"\/><\/figure>\n\n\n\n<p>ManaYoga sera au Salon au Coeur du Mieux-\u00catre de Chicoutimi \u00e0 l&rsquo;H\u00f4tel la Saguen\u00e9enne les 25 et 26 octobre prochains! <\/p>\n\n\n\n<figure class=\"wp-block-image size-full\"><img loading=\"lazy\" decoding=\"async\" width=\"1\" height=\"1\" src=\"https:\/\/www.manayoga.ca\/wordpress\/wp-content\/uploads\/2021\/11\/spacer1.gif\" alt=\"espaceur\" class=\"wp-image-422\"\/><\/figure>\n\n\n\n<p>Un salon o\u00f9 vous d\u00e9couvrirez diff\u00e9rents services en lien avec le mieux-\u00eatre et la spiritualit\u00e9. L&rsquo;entr\u00e9e est au co\u00fbt de 10$\/1 jour ou 15$\/2 jours.<\/p>\n\n\n\n<figure class=\"wp-block-image size-full\"><img loading=\"lazy\" decoding=\"async\" width=\"1\" height=\"1\" src=\"https:\/\/www.manayoga.ca\/wordpress\/wp-content\/uploads\/2021\/11\/spacer1.gif\" alt=\"espaceur\" class=\"wp-image-422\"\/><\/figure>\n\n\n\n<p>Nous serons au kiosque #11 pour pr\u00e9senter les services offerts par M\u00e9lissa et pour faire l&rsquo;essai d&rsquo;une m\u00e9ditation guid\u00e9e en r\u00e9alit\u00e9 virtuelle!<\/p>\n\n\n\n<p>M\u00e9lissa offrira \u00e9galement un atelier d&rsquo;initiation au yoga Kripalu, yoga doux accessible \u00e0 tous, \u00e0 11h15 \u00e0 la salle Mars de la Saguen\u00e9enne le samedi 25 octobre (gratuit). Ce sera l&rsquo;occasion de la rencontrer et de ressentir toute cette belle \u00e9nergie qui l&rsquo;anime, en plus de se mettre en mouvement yogique et de lui poser toutes vos questions.<\/p>\n\n\n\n<figure class=\"wp-block-image size-full\"><img loading=\"lazy\" decoding=\"async\" width=\"1\" height=\"1\" src=\"https:\/\/www.manayoga.ca\/wordpress\/wp-content\/uploads\/2021\/11\/spacer1.gif\" alt=\"espaceur\" class=\"wp-image-422\"\/><\/figure>\n\n\n\n<p><a href=\"https:\/\/salonaucoeurdumieuxetre.com\/speaker\/melissa-carpentier-k11\/\">https:\/\/salonaucoeurdumieuxetre.com\/speaker\/melissa-carpentier-k11\/<\/a><\/p>\n\n\n\n<figure class=\"wp-block-image size-full\"><img loading=\"lazy\" decoding=\"async\" width=\"1\" height=\"1\" src=\"https:\/\/www.manayoga.ca\/wordpress\/wp-content\/uploads\/2021\/11\/spacer1.gif\" alt=\"espaceur\" class=\"wp-image-422\"\/><\/figure>\n\n\n\n<p>Merci de partager et au plaisir de vous y voir! <\/p>\n\n\n\n<figure class=\"wp-block-image size-full\"><img loading=\"lazy\" decoding=\"async\" width=\"1\" height=\"1\" src=\"https:\/\/www.manayoga.ca\/wordpress\/wp-content\/uploads\/2021\/11\/spacer1.gif\" alt=\"espaceur\" class=\"wp-image-422\"\/><\/figure>\n\n\n\n<figure class=\"wp-block-image size-large\"><img loading=\"lazy\" decoding=\"async\" width=\"683\" height=\"1024\" src=\"https:\/\/www.manayoga.ca\/wordpress\/wp-content\/uploads\/2025\/09\/DSC_1274-683x1024.jpeg\" alt=\"\" class=\"wp-image-1178\" srcset=\"https:\/\/www.manayoga.ca\/wordpress\/wp-content\/uploads\/2025\/09\/DSC_1274-683x1024.jpeg 683w, https:\/\/www.manayoga.ca\/wordpress\/wp-content\/uploads\/2025\/09\/DSC_1274-200x300.jpeg 200w, https:\/\/www.manayoga.ca\/wordpress\/wp-content\/uploads\/2025\/09\/DSC_1274-768x1152.jpeg 768w, https:\/\/www.manayoga.ca\/wordpress\/wp-content\/uploads\/2025\/09\/DSC_1274-1024x1536.jpeg 1024w, https:\/\/www.manayoga.ca\/wordpress\/wp-content\/uploads\/2025\/09\/DSC_1274-1365x2048.jpeg 1365w, https:\/\/www.manayoga.ca\/wordpress\/wp-content\/uploads\/2025\/09\/DSC_1274-scaled.jpeg 1707w\" sizes=\"auto, (max-width: 683px) 100vw, 683px\" \/><\/figure>\n\n\n\n<figure class=\"wp-block-image size-full\"><img loading=\"lazy\" decoding=\"async\" width=\"1\" height=\"1\" src=\"https:\/\/www.manayoga.ca\/wordpress\/wp-content\/uploads\/2021\/11\/spacer1.gif\" alt=\"espaceur\" class=\"wp-image-422\"\/><\/figure>\n\n\n\n<h4 class=\"wp-block-heading\">Retour du \u00ab\u00a0Salon au Coeur du Mieux-\u00catre\u00a0\u00bb \u00e0 Chicoutimi !<\/h4>\n\n\n\n<figure class=\"wp-block-image size-full\"><img loading=\"lazy\" decoding=\"async\" width=\"1\" height=\"1\" src=\"https:\/\/www.manayoga.ca\/wordpress\/wp-content\/uploads\/2021\/11\/spacer1.gif\" alt=\"espaceur\" class=\"wp-image-422\"\/><\/figure>\n\n\n\n<p>Hol\u00e0 belles \u00e2mes!<\/p>\n\n\n\n<figure class=\"wp-block-image size-full\"><img loading=\"lazy\" decoding=\"async\" width=\"1\" height=\"1\" src=\"https:\/\/www.manayoga.ca\/wordpress\/wp-content\/uploads\/2021\/11\/spacer1.gif\" alt=\"espaceur\" class=\"wp-image-422\"\/><\/figure>\n\n\n\n<p>Je tiens personnellement \u00e0 remercier tous ceux et celles qui sont venus au salon. Votre pr\u00e9sence et votre soutien me donne des ailes pour poursuivre toujours et encore ma belle mission qui est de vous accompagner \u00e0 faire rayonner votre Lumi\u00e8re!<\/p>\n\n\n\n<figure class=\"wp-block-image size-full\"><img loading=\"lazy\" decoding=\"async\" width=\"1\" height=\"1\" src=\"https:\/\/www.manayoga.ca\/wordpress\/wp-content\/uploads\/2021\/11\/spacer1.gif\" alt=\"espaceur\" class=\"wp-image-422\"\/><\/figure>\n\n\n\n<p>Un merci tout sp\u00e9cial \u00e0 mon conjoint Patrick qui apprend \u00e0 d\u00e9couvrir avec moi toutes les facettes de mon \u00catre, en plus de croire en moi et de m&rsquo;accompagner, comme ce f\u00fbt le cas au salon. Un autre merci du fond du coeur pour mon fils Isaac de me permettre d&rsquo;\u00eatre m\u00e8re et de me guider vers une version toujours plus juste de moi-m\u00eame&#8230; car oui, nos enfants sont nos plus grands guident!!!<\/p>\n\n\n\n<figure class=\"wp-block-image size-full\"><img loading=\"lazy\" decoding=\"async\" width=\"1\" height=\"1\" src=\"https:\/\/www.manayoga.ca\/wordpress\/wp-content\/uploads\/2021\/11\/spacer1.gif\" alt=\"espaceur\" class=\"wp-image-422\"\/><\/figure>\n\n\n\n<p>Je vous invite \u00e0 me suivre sur ma page Facebook ManaYoga et \u00e0 vous joindre au groupe ManaYoga afin de partager cette Lumi\u00e8re qui est pr\u00e9sente en chacun de nous.<\/p>\n\n\n\n<figure class=\"wp-block-image size-full\"><img loading=\"lazy\" decoding=\"async\" width=\"1\" height=\"1\" src=\"https:\/\/www.manayoga.ca\/wordpress\/wp-content\/uploads\/2021\/11\/spacer1.gif\" alt=\"espaceur\" class=\"wp-image-422\"\/><\/figure>\n\n\n\n<p>De belles rencontres et de beaux projets de collaboration ont \u00e9t\u00e9 discut\u00e9s lors du salon. Que ce soit avec le programme immersif de m\u00e9ditation support\u00e9 par la r\u00e9alit\u00e9 virtuelle, que ce soit par les cours\/ateliers\/\u00e9v\u00e9nements en yoga, le mouvement intuitif et la cr\u00e9ation, que ce soit par de l&rsquo;accompagnement personnalis\u00e9 ou par des soins Reiki, ManaYoga rayonne gr\u00e2ce \u00e0 vous! Merci encore belle communaut\u00e9 ManaYoga!<\/p>\n\n\n\n<figure class=\"wp-block-image size-full\"><img loading=\"lazy\" decoding=\"async\" width=\"1\" height=\"1\" src=\"https:\/\/www.manayoga.ca\/wordpress\/wp-content\/uploads\/2021\/11\/spacer1.gif\" alt=\"espaceur\" class=\"wp-image-422\"\/><\/figure>\n\n\n\n<p>M\u00e9lissa -xx- &nbsp;<\/p>\n\n\n\n<figure class=\"wp-block-image size-large\"><img loading=\"lazy\" decoding=\"async\" width=\"750\" height=\"1024\" src=\"https:\/\/www.manayoga.ca\/wordpress\/wp-content\/uploads\/2021\/03\/20210330_152722-scaled-1-750x1024.jpg\" alt=\"\" class=\"wp-image-111\" srcset=\"https:\/\/www.manayoga.ca\/wordpress\/wp-content\/uploads\/2021\/03\/20210330_152722-scaled-1-750x1024.jpg 750w, https:\/\/www.manayoga.ca\/wordpress\/wp-content\/uploads\/2021\/03\/20210330_152722-scaled-1-220x300.jpg 220w, https:\/\/www.manayoga.ca\/wordpress\/wp-content\/uploads\/2021\/03\/20210330_152722-scaled-1-768x1049.jpg 768w, https:\/\/www.manayoga.ca\/wordpress\/wp-content\/uploads\/2021\/03\/20210330_152722-scaled-1-1124x1536.jpg 1124w, https:\/\/www.manayoga.ca\/wordpress\/wp-content\/uploads\/2021\/03\/20210330_152722-scaled-1-1499x2048.jpg 1499w, https:\/\/www.manayoga.ca\/wordpress\/wp-content\/uploads\/2021\/03\/20210330_152722-scaled-1.jpg 1874w\" sizes=\"auto, (max-width: 750px) 100vw, 750px\" \/><\/figure>\n\n\n\n<figure class=\"wp-block-image size-full\"><img loading=\"lazy\" decoding=\"async\" width=\"1\" height=\"1\" src=\"https:\/\/www.manayoga.ca\/wordpress\/wp-content\/uploads\/2021\/11\/spacer1.gif\" alt=\"espaceur\" class=\"wp-image-422\"\/><\/figure>\n\n\n\n<p><\/p>\n\n\n\n<p><\/p>\n\n\n\n<h4 class=\"wp-block-heading\">Services de yoga et de danse \u00e0 diverses client\u00e8les dont celles avec besoins sp\u00e9cifiques par M\u00e9lissa<\/h4>\n\n\n\n<figure class=\"wp-block-image size-full\"><img loading=\"lazy\" decoding=\"async\" width=\"1\" height=\"1\" src=\"https:\/\/www.manayoga.ca\/wordpress\/wp-content\/uploads\/2021\/11\/spacer1.gif\" alt=\"espaceur\" class=\"wp-image-422\"\/><\/figure>\n\n\n\n<p>Avec mon exp\u00e9rience en adaptation d&rsquo;activit\u00e9s, mon expertise en ergoth\u00e9rapie et en yoga et mes pr\u00e9cieuses qualit\u00e9s d&rsquo;enseignement, j&rsquo;offre des cours de yoga adapt\u00e9s \u00e0 diff\u00e9rentes client\u00e8les vivant avec des besoins sp\u00e9cifiques telles les personnes en perte d&rsquo;autonomie en lien avec:<\/p>\n\n\n\n<figure class=\"wp-block-image size-full\"><img loading=\"lazy\" decoding=\"async\" width=\"1\" height=\"1\" src=\"https:\/\/www.manayoga.ca\/wordpress\/wp-content\/uploads\/2021\/11\/spacer1.gif\" alt=\"espaceur\" class=\"wp-image-422\"\/><\/figure>\n\n\n\n<ul class=\"wp-block-list\">\n<li>une d\u00e9ficience physique, cognitive, intellectuelle<\/li>\n\n\n\n<li>une probl\u00e9matique de sant\u00e9 mentale<\/li>\n\n\n\n<li>des douleurs chroniques dont la fibromyalgie<\/li>\n<\/ul>\n\n\n\n<figure class=\"wp-block-image size-full\"><img loading=\"lazy\" decoding=\"async\" width=\"1\" height=\"1\" src=\"https:\/\/www.manayoga.ca\/wordpress\/wp-content\/uploads\/2021\/11\/spacer1.gif\" alt=\"espaceur\" class=\"wp-image-422\"\/><\/figure>\n\n\n\n<p>Apprendre \u00e0 se r\u00e9approprier son corps et soulager tous ces maux en s&rsquo;accuillant pleinement a un impact sur la qualit\u00e9 de vie et l&rsquo;ensemble des habitudes de vie. <\/p>\n\n\n\n<figure class=\"wp-block-image size-full\"><img loading=\"lazy\" decoding=\"async\" width=\"1\" height=\"1\" src=\"https:\/\/www.manayoga.ca\/wordpress\/wp-content\/uploads\/2021\/11\/spacer1.gif\" alt=\"espaceur\" class=\"wp-image-422\"\/><\/figure>\n\n\n\n<p>Informe-toi!<\/p>\n\n\n\n<figure class=\"wp-block-image size-full\"><img loading=\"lazy\" decoding=\"async\" width=\"1\" height=\"1\" src=\"https:\/\/www.manayoga.ca\/wordpress\/wp-content\/uploads\/2021\/11\/spacer1.gif\" alt=\"espaceur\" class=\"wp-image-422\"\/><\/figure>\n\n\n\n<figure class=\"wp-block-image size-large\"><img loading=\"lazy\" decoding=\"async\" width=\"1024\" height=\"683\" src=\"https:\/\/www.manayoga.ca\/wordpress\/wp-content\/uploads\/2022\/07\/yoga-4650150_1920-1-1024x683.jpg\" alt=\"\" class=\"wp-image-598\" srcset=\"https:\/\/www.manayoga.ca\/wordpress\/wp-content\/uploads\/2022\/07\/yoga-4650150_1920-1-1024x683.jpg 1024w, https:\/\/www.manayoga.ca\/wordpress\/wp-content\/uploads\/2022\/07\/yoga-4650150_1920-1-300x200.jpg 300w, https:\/\/www.manayoga.ca\/wordpress\/wp-content\/uploads\/2022\/07\/yoga-4650150_1920-1-768x512.jpg 768w, https:\/\/www.manayoga.ca\/wordpress\/wp-content\/uploads\/2022\/07\/yoga-4650150_1920-1-1536x1024.jpg 1536w, https:\/\/www.manayoga.ca\/wordpress\/wp-content\/uploads\/2022\/07\/yoga-4650150_1920-1.jpg 1920w\" sizes=\"auto, (max-width: 1024px) 100vw, 1024px\" \/><\/figure>\n\n\n\n<figure class=\"wp-block-image size-full\"><img loading=\"lazy\" decoding=\"async\" width=\"1\" height=\"1\" src=\"https:\/\/www.manayoga.ca\/wordpress\/wp-content\/uploads\/2021\/11\/spacer1.gif\" alt=\"espaceur\" class=\"wp-image-422\"\/><\/figure>\n\n\n\n<figure class=\"wp-block-image size-full\"><img loading=\"lazy\" decoding=\"async\" width=\"1\" height=\"1\" src=\"https:\/\/www.manayoga.ca\/wordpress\/wp-content\/uploads\/2021\/11\/spacer1.gif\" alt=\"espaceur\" class=\"wp-image-422\"\/><\/figure>\n\n\n\n<h4 class=\"wp-block-heading\">Yoga sur chaise pour personnes \u00e2g\u00e9es autonomes ou en perte d&rsquo;autonomie<\/h4>\n\n\n\n<figure class=\"wp-block-image size-full\"><img loading=\"lazy\" decoding=\"async\" width=\"1\" height=\"1\" src=\"https:\/\/www.manayoga.ca\/wordpress\/wp-content\/uploads\/2021\/11\/spacer1.gif\" alt=\"espaceur\" class=\"wp-image-422\"\/><\/figure>\n\n\n\n<p>Chaque semaine, durant la journ\u00e9e, je me rends dans plusieurs r\u00e9sidences pour personnes \u00e2g\u00e9es afin d&rsquo;offrir \u00e0 cette client\u00e8le des cours de yoga de qualit\u00e9, accessibles, peu importe leur niveau d&rsquo;autonomie.<\/p>\n\n\n\n<figure class=\"wp-block-image size-full\"><img loading=\"lazy\" decoding=\"async\" width=\"1\" height=\"1\" src=\"https:\/\/www.manayoga.ca\/wordpress\/wp-content\/uploads\/2021\/11\/spacer1.gif\" alt=\"espaceur\" class=\"wp-image-422\"\/><\/figure>\n\n\n\n<p>Le yoga est un outil formidable pour connecter avec son Essence. Cela leur apporte plusieurs bienfaits:<\/p>\n\n\n\n<figure class=\"wp-block-image size-full\"><img loading=\"lazy\" decoding=\"async\" width=\"1\" height=\"1\" src=\"https:\/\/www.manayoga.ca\/wordpress\/wp-content\/uploads\/2021\/11\/spacer1.gif\" alt=\"espaceur\" class=\"wp-image-422\"\/><\/figure>\n\n\n\n<ul class=\"wp-block-list\">\n<li>permet la socialisation afin de r\u00e9duire l&rsquo;isolement;<\/li>\n\n\n\n<li>favorise le maintien des capacit\u00e9s physiques globales et donc de leur autonomie;<\/li>\n\n\n\n<li>favorise l&rsquo;expression de soi et pr\u00e9serve l&rsquo;image de soi;<\/li>\n\n\n\n<li>permet le maintien des capacit\u00e9s cognitives, le contact avec la r\u00e9alit\u00e9, des fonctions ex\u00e9cutives et l&rsquo;orientation spatio-temporelle, principalement pour les personnes pr\u00e9sentant une d\u00e9mence;<\/li>\n\n\n\n<li>favorise la d\u00e9tente en profitant du moment pr\u00e9sent;<\/li>\n\n\n\n<li>permet l&rsquo;apprentissage de certains outils comme la pleine conscience et les pranayamas afin de reconnecter avec soi, favoriser le sommeil et aider \u00e0 g\u00e9rer le stress au quotidien.<\/li>\n<\/ul>\n\n\n\n<figure class=\"wp-block-image size-full\"><img loading=\"lazy\" decoding=\"async\" width=\"1\" height=\"1\" src=\"https:\/\/www.manayoga.ca\/wordpress\/wp-content\/uploads\/2021\/11\/spacer1.gif\" alt=\"espaceur\" class=\"wp-image-422\"\/><\/figure>\n\n\n\n<p>Pour une demande de service, il suffit de se rendre dans l&rsquo;onglet \u00ab\u00a0<em>Contact<\/em>\u00a0\u00bb . <\/p>\n\n\n\n<figure class=\"wp-block-image size-full\"><img loading=\"lazy\" decoding=\"async\" width=\"1\" height=\"1\" src=\"https:\/\/www.manayoga.ca\/wordpress\/wp-content\/uploads\/2021\/11\/spacer1.gif\" alt=\"espaceur\" class=\"wp-image-422\"\/><\/figure>\n\n\n\n<p>Au plaisir!<\/p>\n\n\n\n<figure class=\"wp-block-image size-full\"><img loading=\"lazy\" decoding=\"async\" width=\"1\" height=\"1\" src=\"https:\/\/www.manayoga.ca\/wordpress\/wp-content\/uploads\/2021\/11\/spacer1.gif\" alt=\"espaceur\" class=\"wp-image-422\"\/><\/figure>\n\n\n\n<figure class=\"wp-block-image size-large\"><img loading=\"lazy\" decoding=\"async\" width=\"1024\" height=\"1024\" src=\"https:\/\/www.manayoga.ca\/wordpress\/wp-content\/uploads\/2021\/11\/hand-gd9e639d29_1920-e1637958971226-1024x1024.jpg\" alt=\"\" class=\"wp-image-396\" srcset=\"https:\/\/www.manayoga.ca\/wordpress\/wp-content\/uploads\/2021\/11\/hand-gd9e639d29_1920-e1637958971226-1024x1024.jpg 1024w, https:\/\/www.manayoga.ca\/wordpress\/wp-content\/uploads\/2021\/11\/hand-gd9e639d29_1920-e1637958971226-300x300.jpg 300w, https:\/\/www.manayoga.ca\/wordpress\/wp-content\/uploads\/2021\/11\/hand-gd9e639d29_1920-e1637958971226-150x150.jpg 150w, https:\/\/www.manayoga.ca\/wordpress\/wp-content\/uploads\/2021\/11\/hand-gd9e639d29_1920-e1637958971226-768x767.jpg 768w, https:\/\/www.manayoga.ca\/wordpress\/wp-content\/uploads\/2021\/11\/hand-gd9e639d29_1920-e1637958971226.jpg 1281w\" sizes=\"auto, (max-width: 1024px) 100vw, 1024px\" \/><\/figure>\n","protected":false},"excerpt":{"rendered":"<p>Journ\u00e9e des th\u00e9rapeutes Bonjour \u00e0 tous.tes! Vous \u00eates invit\u00e9s \u00e0 venir nous rencontrer \u00e0 la 1ere \u00e9dition de la \u00ab\u00a0Journ\u00e9e des th\u00e9rapeutes\u00a0\u00bb&nbsp;qui se tiendra \u00e0 la Saguen\u00e9enne le samedi 4 octobre prochain ! Durant cette journ\u00e9e, nous y serons en compagnie d&rsquo;autres merveilleux humains pour vous parler des soins \u00e9nerg\u00e9tiques Reiki que M\u00e9lissa offre et [&hellip;]<\/p>\n","protected":false},"author":1,"featured_media":0,"parent":0,"menu_order":0,"comment_status":"closed","ping_status":"closed","template":"","meta":{"footnotes":""},"class_list":["post-548","page","type-page","status-publish","hentry"],"_links":{"self":[{"href":"https:\/\/www.manayoga.ca\/wordpress\/index.php\/wp-json\/wp\/v2\/pages\/548","targetHints":{"allow":["GET"]}}],"collection":[{"href":"https:\/\/www.manayoga.ca\/wordpress\/index.php\/wp-json\/wp\/v2\/pages"}],"about":[{"href":"https:\/\/www.manayoga.ca\/wordpress\/index.php\/wp-json\/wp\/v2\/types\/page"}],"author":[{"embeddable":true,"href":"https:\/\/www.manayoga.ca\/wordpress\/index.php\/wp-json\/wp\/v2\/users\/1"}],"replies":[{"embeddable":true,"href":"https:\/\/www.manayoga.ca\/wordpress\/index.php\/wp-json\/wp\/v2\/comments?post=548"}],"version-history":[{"count":42,"href":"https:\/\/www.manayoga.ca\/wordpress\/index.php\/wp-json\/wp\/v2\/pages\/548\/revisions"}],"predecessor-version":[{"id":1181,"href":"https:\/\/www.manayoga.ca\/wordpress\/index.php\/wp-json\/wp\/v2\/pages\/548\/revisions\/1181"}],"wp:attachment":[{"href":"https:\/\/www.manayoga.ca\/wordpress\/index.php\/wp-json\/wp\/v2\/media?parent=548"}],"curies":[{"name":"wp","href":"https:\/\/api.w.org\/{rel}","templated":true}]}}