{"id":411,"date":"2021-11-26T21:12:27","date_gmt":"2021-11-26T21:12:27","guid":{"rendered":"https:\/\/www.manayoga.ca\/wordpress\/?page_id=411"},"modified":"2024-07-26T14:38:10","modified_gmt":"2024-07-26T14:38:10","slug":"constellation-du-cygne","status":"publish","type":"page","link":"https:\/\/www.manayoga.ca\/wordpress\/index.php\/constellation-du-cygne\/","title":{"rendered":"Constellation du CYGNE"},"content":{"rendered":"\n<h4 class=\"wp-block-heading\"> Cours de yoga Kripalu et enseignements mieux-\u00eatre<\/h4>\n\n\n\n<figure class=\"wp-block-image size-full\"><img loading=\"lazy\" decoding=\"async\" width=\"1\" height=\"1\" src=\"https:\/\/www.manayoga.ca\/wordpress\/wp-content\/uploads\/2021\/11\/spacer1.gif\" alt=\"espaceur\" class=\"wp-image-422\"\/><\/figure>\n\n\n\n<p>Par le biais de la pratique douce d&rsquo;asanas (sur chaise ou partiellement debout, tout d\u00e9pendant des capacit\u00e9s des participants), de pranayamas et de m\u00e9ditation, ce cours permet \u00e0 chacun.e de revenir \u00e0 Soi, d&rsquo;\u00catre ici et maintenant et d&rsquo;avoir du plaisir, tout en contribuant au maintient de l&rsquo;autonomie globale. La conscience du corps, la mobilit\u00e9 et la souplesse, la compr\u00e9hension des consignes et les fonctions ex\u00e9cutives, la m\u00e9moire, le partage autour de discussions informelles et de th\u00e8mes pr\u00e9cis ne sont que quelques aspects qui sont ici travaill\u00e9s.<\/p>\n\n\n\n<figure class=\"wp-block-image size-full\"><img loading=\"lazy\" decoding=\"async\" width=\"1\" height=\"1\" src=\"https:\/\/www.manayoga.ca\/wordpress\/wp-content\/uploads\/2021\/11\/spacer1.gif\" alt=\"espaceur\" class=\"wp-image-422\"\/><\/figure>\n\n\n\n<p>\u00c0 partir du c\u0153ur et dans le respect de soi, ce cours est parfaitement adapt\u00e9 pour toutes les client\u00e8les s\u00e9niors, qu&rsquo;elles soient en perte d&rsquo;autonomie ou autonomes.<\/p>\n\n\n\n<figure class=\"wp-block-image size-full\"><img loading=\"lazy\" decoding=\"async\" width=\"1\" height=\"1\" src=\"https:\/\/www.manayoga.ca\/wordpress\/wp-content\/uploads\/2021\/11\/spacer1.gif\" alt=\"espaceur\" class=\"wp-image-422\"\/><\/figure>\n\n\n\n<p> Ce cours est offert en r\u00e9sidences pour personnes \u00e2g\u00e9es.<\/p>\n\n\n\n<figure class=\"wp-block-image size-full\"><img loading=\"lazy\" decoding=\"async\" width=\"1\" height=\"1\" src=\"https:\/\/www.manayoga.ca\/wordpress\/wp-content\/uploads\/2021\/11\/spacer1.gif\" alt=\"espaceur\" class=\"wp-image-422\"\/><\/figure>\n\n\n\n<h4 class=\"wp-block-heading\">Tarifs<\/h4>\n\n\n\n<figure class=\"wp-block-image size-full\"><img loading=\"lazy\" decoding=\"async\" width=\"1\" height=\"1\" src=\"https:\/\/www.manayoga.ca\/wordpress\/wp-content\/uploads\/2021\/11\/spacer1.gif\" alt=\"espaceur\" class=\"wp-image-422\"\/><\/figure>\n\n\n\n<p>Cours de yoga de groupe, de quelques personnes \u00e0 une trentaine, d&rsquo;une dur\u00e9e de 45 minutes<\/p>\n\n\n\n<p>82,63$ + tx = 95,00$<\/p>\n\n\n\n<figure class=\"wp-block-image size-full\"><img loading=\"lazy\" decoding=\"async\" width=\"1\" height=\"1\" src=\"https:\/\/www.manayoga.ca\/wordpress\/wp-content\/uploads\/2021\/11\/spacer1.gif\" alt=\"espaceur\" class=\"wp-image-422\"\/><\/figure>\n\n\n\n<p>**Possibilit\u00e9 d&rsquo;ajuster la dur\u00e9e et le tarif de la s\u00e9ance selon les besoins.  <\/p>\n","protected":false},"excerpt":{"rendered":"<p>Cours de yoga Kripalu et enseignements mieux-\u00eatre Par le biais de la pratique douce d&rsquo;asanas (sur chaise ou partiellement debout, tout d\u00e9pendant des capacit\u00e9s des participants), de pranayamas et de m\u00e9ditation, ce cours permet \u00e0 chacun.e de revenir \u00e0 Soi, d&rsquo;\u00catre ici et maintenant et d&rsquo;avoir du plaisir, tout en contribuant au maintient de l&rsquo;autonomie [&hellip;]<\/p>\n","protected":false},"author":1,"featured_media":0,"parent":0,"menu_order":0,"comment_status":"closed","ping_status":"closed","template":"","meta":{"footnotes":""},"class_list":["post-411","page","type-page","status-publish","hentry"],"_links":{"self":[{"href":"https:\/\/www.manayoga.ca\/wordpress\/index.php\/wp-json\/wp\/v2\/pages\/411","targetHints":{"allow":["GET"]}}],"collection":[{"href":"https:\/\/www.manayoga.ca\/wordpress\/index.php\/wp-json\/wp\/v2\/pages"}],"about":[{"href":"https:\/\/www.manayoga.ca\/wordpress\/index.php\/wp-json\/wp\/v2\/types\/page"}],"author":[{"embeddable":true,"href":"https:\/\/www.manayoga.ca\/wordpress\/index.php\/wp-json\/wp\/v2\/users\/1"}],"replies":[{"embeddable":true,"href":"https:\/\/www.manayoga.ca\/wordpress\/index.php\/wp-json\/wp\/v2\/comments?post=411"}],"version-history":[{"count":14,"href":"https:\/\/www.manayoga.ca\/wordpress\/index.php\/wp-json\/wp\/v2\/pages\/411\/revisions"}],"predecessor-version":[{"id":1015,"href":"https:\/\/www.manayoga.ca\/wordpress\/index.php\/wp-json\/wp\/v2\/pages\/411\/revisions\/1015"}],"wp:attachment":[{"href":"https:\/\/www.manayoga.ca\/wordpress\/index.php\/wp-json\/wp\/v2\/media?parent=411"}],"curies":[{"name":"wp","href":"https:\/\/api.w.org\/{rel}","templated":true}]}}