{"id":377,"date":"2021-11-18T16:01:20","date_gmt":"2021-11-18T16:01:20","guid":{"rendered":"https:\/\/www.manayoga.ca\/wordpress\/?page_id=377"},"modified":"2024-07-26T14:40:03","modified_gmt":"2024-07-26T14:40:03","slug":"constellation-serpentaire","status":"publish","type":"page","link":"https:\/\/www.manayoga.ca\/wordpress\/index.php\/constellation-serpentaire\/","title":{"rendered":"Constellation SERPENTAIRE"},"content":{"rendered":"\n<p><\/p>\n\n\n\n<h4 class=\"wp-block-heading\">Cours de yoga Kripalu et enseignements mieux-\u00eatre (\u00e0 la session ou \u00e0 la s\u00e9ance\/atelier)<\/h4>\n\n\n\n<figure class=\"wp-block-image size-full\"><img loading=\"lazy\" decoding=\"async\" width=\"1\" height=\"1\" src=\"https:\/\/www.manayoga.ca\/wordpress\/wp-content\/uploads\/2021\/11\/spacer1.gif\" alt=\"espaceur\" class=\"wp-image-422\"\/><\/figure>\n\n\n\n<p>Ce cours propose un enseignement ax\u00e9 sur la bienveillance afin de se r\u00e9approprier son corps et le nourrir. Le respect de sa Limite est ici explor\u00e9 par le biais de la pratique douce d&rsquo;asanas, de pranayamas et de m\u00e9ditation.<\/p>\n\n\n\n<figure class=\"wp-block-image size-full\"><img loading=\"lazy\" decoding=\"async\" width=\"1\" height=\"1\" src=\"https:\/\/www.manayoga.ca\/wordpress\/wp-content\/uploads\/2021\/11\/spacer1.gif\" alt=\"espaceur\" class=\"wp-image-422\"\/><\/figure>\n\n\n\n<p>S&rsquo;adresse \u00e0 une client\u00e8le adulte vivant des douleurs chroniques dont la fibromyalgie.<\/p>\n\n\n\n<figure class=\"wp-block-image size-full\"><img loading=\"lazy\" decoding=\"async\" width=\"1\" height=\"1\" src=\"https:\/\/www.manayoga.ca\/wordpress\/wp-content\/uploads\/2021\/11\/spacer1.gif\" alt=\"espaceur\" class=\"wp-image-422\"\/><\/figure>\n\n\n\n<p>**Voir l&rsquo;horaire pour conna\u00eetre la disponibilit\u00e9 des cours.<\/p>\n\n\n\n<figure class=\"wp-block-image size-full\"><img loading=\"lazy\" decoding=\"async\" width=\"1\" height=\"1\" src=\"https:\/\/www.manayoga.ca\/wordpress\/wp-content\/uploads\/2021\/11\/spacer1.gif\" alt=\"espaceur\" class=\"wp-image-422\"\/><\/figure>\n\n\n\n<h4 class=\"wp-block-heading\">Tarifs<\/h4>\n\n\n\n<figure class=\"wp-block-image size-full\"><img loading=\"lazy\" decoding=\"async\" width=\"1\" height=\"1\" src=\"https:\/\/www.manayoga.ca\/wordpress\/wp-content\/uploads\/2021\/11\/spacer1.gif\" alt=\"espaceur\" class=\"wp-image-422\"\/><\/figure>\n\n\n\n<p id=\"block-82bdc99c-4617-4bc0-a63b-0d380bdc5b81\">Sessions de 12 semaines de cours de yoga de 75 minutes chacun:<\/p>\n\n\n\n<p id=\"block-aa5086bc-9138-41c3-85e5-6a23b0ca125c\">204,39$ + tx= 235$\/ 1x par semaine<\/p>\n\n\n\n<p>Tarif \u00e0 pr\u00e9ciser si lors d&rsquo;un atelier.<\/p>\n","protected":false},"excerpt":{"rendered":"<p>Cours de yoga Kripalu et enseignements mieux-\u00eatre (\u00e0 la session ou \u00e0 la s\u00e9ance\/atelier) Ce cours propose un enseignement ax\u00e9 sur la bienveillance afin de se r\u00e9approprier son corps et le nourrir. Le respect de sa Limite est ici explor\u00e9 par le biais de la pratique douce d&rsquo;asanas, de pranayamas et de m\u00e9ditation. S&rsquo;adresse \u00e0 [&hellip;]<\/p>\n","protected":false},"author":1,"featured_media":0,"parent":0,"menu_order":0,"comment_status":"closed","ping_status":"closed","template":"","meta":{"footnotes":""},"class_list":["post-377","page","type-page","status-publish","hentry"],"_links":{"self":[{"href":"https:\/\/www.manayoga.ca\/wordpress\/index.php\/wp-json\/wp\/v2\/pages\/377","targetHints":{"allow":["GET"]}}],"collection":[{"href":"https:\/\/www.manayoga.ca\/wordpress\/index.php\/wp-json\/wp\/v2\/pages"}],"about":[{"href":"https:\/\/www.manayoga.ca\/wordpress\/index.php\/wp-json\/wp\/v2\/types\/page"}],"author":[{"embeddable":true,"href":"https:\/\/www.manayoga.ca\/wordpress\/index.php\/wp-json\/wp\/v2\/users\/1"}],"replies":[{"embeddable":true,"href":"https:\/\/www.manayoga.ca\/wordpress\/index.php\/wp-json\/wp\/v2\/comments?post=377"}],"version-history":[{"count":10,"href":"https:\/\/www.manayoga.ca\/wordpress\/index.php\/wp-json\/wp\/v2\/pages\/377\/revisions"}],"predecessor-version":[{"id":1017,"href":"https:\/\/www.manayoga.ca\/wordpress\/index.php\/wp-json\/wp\/v2\/pages\/377\/revisions\/1017"}],"wp:attachment":[{"href":"https:\/\/www.manayoga.ca\/wordpress\/index.php\/wp-json\/wp\/v2\/media?parent=377"}],"curies":[{"name":"wp","href":"https:\/\/api.w.org\/{rel}","templated":true}]}}