{"id":139,"date":"2021-04-09T15:33:38","date_gmt":"2021-04-09T15:33:38","guid":{"rendered":"https:\/\/mayoga.dgserveur.ca\/?page_id=139"},"modified":"2022-07-27T21:13:32","modified_gmt":"2022-07-27T21:13:32","slug":"constellation-de-cassiopee","status":"publish","type":"page","link":"https:\/\/www.manayoga.ca\/wordpress\/index.php\/constellation-de-cassiopee\/","title":{"rendered":"Constellation de CASSIOP\u00c9E"},"content":{"rendered":"\n<h4 class=\"wp-block-heading\"><strong>Cours de yoga Kripalu, enseignement mieux-\u00eatre et d\u00e9veloppement personnel<\/strong><\/h4>\n\n\n\n<figure class=\"wp-block-image size-full\"><img loading=\"lazy\" decoding=\"async\" width=\"1\" height=\"1\" src=\"https:\/\/www.manayoga.ca\/wordpress\/wp-content\/uploads\/2021\/11\/spacer1.gif\" alt=\"espaceur\" class=\"wp-image-422\"\/><\/figure>\n\n\n\n<p>Ce volet comporte des cours de yoga pr\u00e9natal et yoga maman-b\u00e9b\u00e9 (0 \u00e0 2 ans). <\/p>\n\n\n\n<figure class=\"wp-block-image size-full\"><img loading=\"lazy\" decoding=\"async\" width=\"1\" height=\"1\" src=\"https:\/\/www.manayoga.ca\/wordpress\/wp-content\/uploads\/2021\/11\/spacer1.gif\" alt=\"espaceur\" class=\"wp-image-422\"\/><\/figure>\n\n\n\n<p>Des th\u00e8mes sont abord\u00e9s afin de pr\u00e9parer au futur r\u00f4le de m\u00e8re pour les femmes enceintes, et pour permettre d\u2019\u00e9changer, de cr\u00e9er des liens positifs et de favoriser le lien m\u00e8re-enfant dans l\u2019amour et la bienveillance. <\/p>\n\n\n\n<figure class=\"wp-block-image size-full\"><img loading=\"lazy\" decoding=\"async\" width=\"1\" height=\"1\" src=\"https:\/\/www.manayoga.ca\/wordpress\/wp-content\/uploads\/2021\/11\/spacer1.gif\" alt=\"espaceur\" class=\"wp-image-422\"\/><\/figure>\n\n\n\n<p>Des exercices doux, favorisant l\u2019accueil, l\u2019ancrage et l\u2019ouverture en douceur pour tous sous forme de pratapanas, pranayamas et asanas adapt\u00e9s sont propos\u00e9s. Les postures et exercices de yoga m\u00e8re-enfant sont amen\u00e9s en termes de jeu et d\u2019ouverture favorisant un d\u00e9veloppement global chez l\u2019enfant, un maintien ou une remise en forme en douceur chez les mamans et un temps pour soi, pour la femme derri\u00e8re la m\u00e8re ou future-m\u00e8re que vous \u00eates.<\/p>\n\n\n\n<figure class=\"wp-block-image size-full\"><img loading=\"lazy\" decoding=\"async\" width=\"1\" height=\"1\" src=\"https:\/\/www.manayoga.ca\/wordpress\/wp-content\/uploads\/2021\/11\/spacer1.gif\" alt=\"espaceur\" class=\"wp-image-422\"\/><\/figure>\n\n\n\n<p>**Voir l&rsquo;horaire pour conna\u00eetre la disponibilit\u00e9 des cours.<\/p>\n\n\n\n<figure class=\"wp-block-image size-full\"><img loading=\"lazy\" decoding=\"async\" width=\"1\" height=\"1\" src=\"https:\/\/www.manayoga.ca\/wordpress\/wp-content\/uploads\/2021\/11\/spacer1.gif\" alt=\"espaceur\" class=\"wp-image-422\"\/><\/figure>\n\n\n\n<h4 class=\"wp-block-heading\">Tarifs<\/h4>\n\n\n\n<figure class=\"wp-block-image size-full\"><img loading=\"lazy\" decoding=\"async\" width=\"1\" height=\"1\" src=\"https:\/\/www.manayoga.ca\/wordpress\/wp-content\/uploads\/2021\/11\/spacer1.gif\" alt=\"espaceur\" class=\"wp-image-422\"\/><\/figure>\n\n\n\n<p>Sessions de 6 semaines de cours de yoga de 60 minutes chacun, avec accompagnement:<\/p>\n\n\n\n<p>108,72$ + tx = 125$ \/ 1x par semaine<\/p>\n","protected":false},"excerpt":{"rendered":"<p>Cours de yoga Kripalu, enseignement mieux-\u00eatre et d\u00e9veloppement personnel Ce volet comporte des cours de yoga pr\u00e9natal et yoga maman-b\u00e9b\u00e9 (0 \u00e0 2 ans). Des th\u00e8mes sont abord\u00e9s afin de pr\u00e9parer au futur r\u00f4le de m\u00e8re pour les femmes enceintes, et pour permettre d\u2019\u00e9changer, de cr\u00e9er des liens positifs et de favoriser le lien m\u00e8re-enfant [&hellip;]<\/p>\n","protected":false},"author":1,"featured_media":0,"parent":0,"menu_order":0,"comment_status":"closed","ping_status":"closed","template":"","meta":{"footnotes":""},"class_list":["post-139","page","type-page","status-publish","hentry"],"_links":{"self":[{"href":"https:\/\/www.manayoga.ca\/wordpress\/index.php\/wp-json\/wp\/v2\/pages\/139","targetHints":{"allow":["GET"]}}],"collection":[{"href":"https:\/\/www.manayoga.ca\/wordpress\/index.php\/wp-json\/wp\/v2\/pages"}],"about":[{"href":"https:\/\/www.manayoga.ca\/wordpress\/index.php\/wp-json\/wp\/v2\/types\/page"}],"author":[{"embeddable":true,"href":"https:\/\/www.manayoga.ca\/wordpress\/index.php\/wp-json\/wp\/v2\/users\/1"}],"replies":[{"embeddable":true,"href":"https:\/\/www.manayoga.ca\/wordpress\/index.php\/wp-json\/wp\/v2\/comments?post=139"}],"version-history":[{"count":5,"href":"https:\/\/www.manayoga.ca\/wordpress\/index.php\/wp-json\/wp\/v2\/pages\/139\/revisions"}],"predecessor-version":[{"id":612,"href":"https:\/\/www.manayoga.ca\/wordpress\/index.php\/wp-json\/wp\/v2\/pages\/139\/revisions\/612"}],"wp:attachment":[{"href":"https:\/\/www.manayoga.ca\/wordpress\/index.php\/wp-json\/wp\/v2\/media?parent=139"}],"curies":[{"name":"wp","href":"https:\/\/api.w.org\/{rel}","templated":true}]}}